{"id":163,"date":"2023-12-14T18:32:05","date_gmt":"2023-12-14T18:32:05","guid":{"rendered":"https:\/\/vanessahershornart.com\/fr\/?page_id=163"},"modified":"2024-02-13T21:53:43","modified_gmt":"2024-02-13T21:53:43","slug":"biographie","status":"publish","type":"page","link":"https:\/\/vanessahershornart.com\/fr\/biographie\/","title":{"rendered":"Biographie"},"content":{"rendered":"\t\t<div data-elementor-type=\"wp-page\" data-elementor-id=\"163\" class=\"elementor elementor-163\">\n\t\t\t\t\t\t\t\t\t<section class=\"elementor-section elementor-top-section elementor-element elementor-element-5c0d2da elementor-section-stretched elementor-section-boxed elementor-section-height-default elementor-section-height-default\" data-id=\"5c0d2da\" data-element_type=\"section\" data-settings=\"{&quot;stretch_section&quot;:&quot;section-stretched&quot;,&quot;background_background&quot;:&quot;classic&quot;}\">\n\t\t\t\t\t\t<div class=\"elementor-container elementor-column-gap-wider\">\n\t\t\t\t\t<div class=\"elementor-column elementor-col-100 elementor-top-column elementor-element elementor-element-a2a7658\" data-id=\"a2a7658\" data-element_type=\"column\">\n\t\t\t<div class=\"elementor-widget-wrap elementor-element-populated\">\n\t\t\t\t\t\t\t\t<section class=\"elementor-section elementor-inner-section elementor-element elementor-element-3231339 elementor-reverse-mobile elementor-section-boxed elementor-section-height-default elementor-section-height-default\" data-id=\"3231339\" data-element_type=\"section\">\n\t\t\t\t\t\t<div class=\"elementor-container elementor-column-gap-default\">\n\t\t\t\t\t<div class=\"elementor-column elementor-col-100 elementor-inner-column elementor-element elementor-element-4ce8607\" data-id=\"4ce8607\" data-element_type=\"column\">\n\t\t\t<div class=\"elementor-widget-wrap elementor-element-populated\">\n\t\t\t\t\t\t\t\t<div class=\"elementor-element elementor-element-e0a8f52 elementor-widget elementor-widget-text-editor\" data-id=\"e0a8f52\" data-element_type=\"widget\" data-widget_type=\"text-editor.default\">\n\t\t\t\t<div class=\"elementor-widget-container\">\n\t\t\t<style>\/*! elementor - v3.18.0 - 08-12-2023 *\/\n.elementor-widget-text-editor.elementor-drop-cap-view-stacked .elementor-drop-cap{background-color:#69727d;color:#fff}.elementor-widget-text-editor.elementor-drop-cap-view-framed .elementor-drop-cap{color:#69727d;border:3px solid;background-color:transparent}.elementor-widget-text-editor:not(.elementor-drop-cap-view-default) .elementor-drop-cap{margin-top:8px}.elementor-widget-text-editor:not(.elementor-drop-cap-view-default) .elementor-drop-cap-letter{width:1em;height:1em}.elementor-widget-text-editor .elementor-drop-cap{float:left;text-align:center;line-height:1;font-size:50px}.elementor-widget-text-editor .elementor-drop-cap-letter{display:inline-block}<\/style>\t\t\t\t<h2 style=\"color: #fff;\">Vanessa Hershorn<\/h2>\t\t\t\t\t\t<\/div>\n\t\t\t\t<\/div>\n\t\t\t\t<div class=\"elementor-element elementor-element-6b7d39a elementor-widget elementor-widget-text-editor\" data-id=\"6b7d39a\" data-element_type=\"widget\" data-widget_type=\"text-editor.default\">\n\t\t\t\t<div class=\"elementor-widget-container\">\n\t\t\t\t\t\t\t<h3 style=\"color: #fff;\">Capturer les Couleurs de la Vie<\/h3>\t\t\t\t\t\t<\/div>\n\t\t\t\t<\/div>\n\t\t\t\t<div class=\"elementor-element elementor-element-6aab8cc elementor-widget elementor-widget-text-editor\" data-id=\"6aab8cc\" data-element_type=\"widget\" data-widget_type=\"text-editor.default\">\n\t\t\t\t<div class=\"elementor-widget-container\">\n\t\t\t\t\t\t\t<p>N\u00e9e \u00e0 Montr\u00e9al en 1970, Vanessa Hershorn a entrepris un voyage artistique qui l&#8217;a conduite \u00e0 travers les continents, impr\u00e9gnant son travail d&#8217;une riche palette de couleurs et d&#8217;influences culturelles.<\/p><p>L&#8217;odyss\u00e9e artistique de Vanessa a commenc\u00e9 par des \u00e9tudes formelles en arts au Coll\u00e8ge Dawson et \u00e0 l&#8217;Universit\u00e9 McGill. En 1993, elle s&#8217;est lanc\u00e9e dans un s\u00e9jour transformateur au Costa Rica, initialement pr\u00e9vu comme une br\u00e8ve escapade, qui s&#8217;est transform\u00e9e en une odyss\u00e9e aventureuse s&#8217;\u00e9talant sur plusieurs ann\u00e9es. Plong\u00e9e dans les paysages tropicaux, Vanessa a trouv\u00e9 l&#8217;inspiration dans les teintes vives de son environnement et la simplicit\u00e9 de la vie quotidienne. Ses \u0153uvres r\u00e9sultantes sont devenues une c\u00e9l\u00e9bration de l&#8217;esprit et de l&#8217;atmosph\u00e8re des sc\u00e8nes quotidiennes, capturant l&#8217;essence de la vie tropicale.<\/p>\t\t\t\t\t\t<\/div>\n\t\t\t\t<\/div>\n\t\t\t\t\t<\/div>\n\t\t<\/div>\n\t\t\t\t\t\t\t<\/div>\n\t\t<\/section>\n\t\t\t\t<section class=\"elementor-section elementor-inner-section elementor-element elementor-element-0a32e7b elementor-reverse-mobile elementor-section-boxed elementor-section-height-default elementor-section-height-default\" data-id=\"0a32e7b\" data-element_type=\"section\">\n\t\t\t\t\t\t<div class=\"elementor-container elementor-column-gap-default\">\n\t\t\t\t\t<div class=\"elementor-column elementor-col-100 elementor-inner-column elementor-element elementor-element-b3a2dd0\" data-id=\"b3a2dd0\" data-element_type=\"column\">\n\t\t\t<div class=\"elementor-widget-wrap elementor-element-populated\">\n\t\t\t\t\t\t\t\t<div class=\"elementor-element elementor-element-02a1715 elementor-widget elementor-widget-text-editor\" data-id=\"02a1715\" data-element_type=\"widget\" data-widget_type=\"text-editor.default\">\n\t\t\t\t<div class=\"elementor-widget-container\">\n\t\t\t\t\t\t\t<p>Pendant son s\u00e9jour au Costa Rica, les \u0153uvres artistiques de Vanessa ont \u00e9t\u00e9 reconnues, avec des expositions dans des lieux prestigieux tels que la galerie du caf\u00e9 du th\u00e9\u00e2tre national et l&#8217;H\u00f4tel Intercontinental de San Jos\u00e9, o\u00f9 ses pi\u00e8ces ont \u00e9t\u00e9 pr\u00e9sent\u00e9es lors d&#8217;une c\u00e9l\u00e9bration de la f\u00eate du Canada sous le patronage de l&#8217;ambassade du Canada.<\/p><p>En plus de son succ\u00e8s en exposition, Vanessa a partag\u00e9 sa passion pour l&#8217;art en tant qu&#8217;enseignante, travaillant avec des enfants et des adolescents \u00e0 Montr\u00e9al et au Costa Rica, favorisant la cr\u00e9ativit\u00e9 et l&#8217;expression artistique.<\/p><p>De retour \u00e0 Montr\u00e9al, Vanessa a red\u00e9couvert ses endroits pr\u00e9f\u00e9r\u00e9s, les peignant avec une sensibilit\u00e9 renouvel\u00e9e qui \u00e9voque les \u00e9motions du moment. Son style na\u00eff, spontan\u00e9 et vivant insuffle vie \u00e0 chaque toile, capturant la beaut\u00e9 des moments quotidiens. La connexion de Vanessa avec sa ville natale a \u00e9t\u00e9 davantage c\u00e9l\u00e9br\u00e9e \u00e0 travers deux expositions tr\u00e8s r\u00e9ussies, mettant en vedette une exploration captivante des th\u00e8mes locaux de Montr\u00e9al. La premi\u00e8re exposition a d\u00e9voil\u00e9 sa compr\u00e9hension profonde de l&#8217;essence de la ville, tandis que la seconde a plong\u00e9 dans la vibrante tapisserie culturelle de la vie montr\u00e9alaise. Ces expositions ont non seulement affirm\u00e9 l&#8217;habilet\u00e9 artistique de Vanessa, mais l&#8217;ont \u00e9galement \u00e9tablie comme une voix \u00e9minente capturant le c\u0153ur et l&#8217;\u00e2me de sa bien-aim\u00e9e Montr\u00e9al.<\/p><p>Plus r\u00e9cemment, Vanessa a puis\u00e9 son inspiration dans ses voyages, notamment apr\u00e8s une r\u00e9sidence d&#8217;artiste dans le sud de l&#8217;Italie. Sa derni\u00e8re collection refl\u00e8te les sc\u00e8nes quotidiennes de la vie locale, pulsant de couleur, d&#8217;action et de mouvement. Vanessa est anim\u00e9e par le d\u00e9sir perp\u00e9tuel de peindre et de voyager, cherchant constamment de nouvelles sources d&#8217;inspiration \u00e0 int\u00e9grer dans sa toile artistique en constante \u00e9volution.<\/p><p>Alors que Vanessa Hershorn poursuit son voyage artistique, son \u0153uvre t\u00e9moigne de la puissance de la couleur, de la culture et des joies simples de la vie, captur\u00e9es \u00e0 travers le regard d&#8217;une artiste talentueuse et passionn\u00e9e.<\/p>\t\t\t\t\t\t<\/div>\n\t\t\t\t<\/div>\n\t\t\t\t\t<\/div>\n\t\t<\/div>\n\t\t\t\t\t\t\t<\/div>\n\t\t<\/section>\n\t\t\t\t\t<\/div>\n\t\t<\/div>\n\t\t\t\t\t\t\t<\/div>\n\t\t<\/section>\n\t\t\t\t\t\t\t<\/div>\n\t\t","protected":false},"excerpt":{"rendered":"<p>Vanessa Hershorn Capturer les Couleurs de la Vie N\u00e9e \u00e0 Montr\u00e9al en 1970, Vanessa Hershorn a entrepris un voyage artistique qui l&#8217;a conduite \u00e0 travers les<span class=\"excerpt-hellip\"> [\u2026]<\/span><\/p>\n","protected":false},"author":1,"featured_media":0,"parent":0,"menu_order":0,"comment_status":"closed","ping_status":"closed","template":"","meta":{"ngg_post_thumbnail":0,"footnotes":""},"_links":{"self":[{"href":"https:\/\/vanessahershornart.com\/fr\/wp-json\/wp\/v2\/pages\/163"}],"collection":[{"href":"https:\/\/vanessahershornart.com\/fr\/wp-json\/wp\/v2\/pages"}],"about":[{"href":"https:\/\/vanessahershornart.com\/fr\/wp-json\/wp\/v2\/types\/page"}],"author":[{"embeddable":true,"href":"https:\/\/vanessahershornart.com\/fr\/wp-json\/wp\/v2\/users\/1"}],"replies":[{"embeddable":true,"href":"https:\/\/vanessahershornart.com\/fr\/wp-json\/wp\/v2\/comments?post=163"}],"version-history":[{"count":38,"href":"https:\/\/vanessahershornart.com\/fr\/wp-json\/wp\/v2\/pages\/163\/revisions"}],"predecessor-version":[{"id":1503,"href":"https:\/\/vanessahershornart.com\/fr\/wp-json\/wp\/v2\/pages\/163\/revisions\/1503"}],"wp:attachment":[{"href":"https:\/\/vanessahershornart.com\/fr\/wp-json\/wp\/v2\/media?parent=163"}],"curies":[{"name":"wp","href":"https:\/\/api.w.org\/{rel}","templated":true}]}}