{"id":383,"date":"2023-12-15T21:59:27","date_gmt":"2023-12-15T21:59:27","guid":{"rendered":"https:\/\/vanessahershornart.com\/fr\/?page_id=383"},"modified":"2023-12-27T18:11:02","modified_gmt":"2023-12-27T18:11:02","slug":"demarche-artistique","status":"publish","type":"page","link":"https:\/\/vanessahershornart.com\/fr\/demarche-artistique\/","title":{"rendered":"D\u00e9marche Artistique"},"content":{"rendered":"\t\t<div data-elementor-type=\"wp-page\" data-elementor-id=\"383\" class=\"elementor elementor-383\">\n\t\t\t\t\t\t\t\t\t<section class=\"elementor-section elementor-top-section elementor-element elementor-element-5c0d2da elementor-section-stretched elementor-section-boxed elementor-section-height-default elementor-section-height-default\" data-id=\"5c0d2da\" data-element_type=\"section\" data-settings=\"{&quot;stretch_section&quot;:&quot;section-stretched&quot;,&quot;background_background&quot;:&quot;classic&quot;}\">\n\t\t\t\t\t\t<div class=\"elementor-container elementor-column-gap-wider\">\n\t\t\t\t\t<div class=\"elementor-column elementor-col-100 elementor-top-column elementor-element elementor-element-a2a7658\" data-id=\"a2a7658\" data-element_type=\"column\">\n\t\t\t<div class=\"elementor-widget-wrap elementor-element-populated\">\n\t\t\t\t\t\t\t\t<section class=\"elementor-section elementor-inner-section elementor-element elementor-element-3231339 elementor-reverse-mobile elementor-section-boxed elementor-section-height-default elementor-section-height-default\" data-id=\"3231339\" data-element_type=\"section\">\n\t\t\t\t\t\t<div class=\"elementor-container elementor-column-gap-default\">\n\t\t\t\t\t<div class=\"elementor-column elementor-col-100 elementor-inner-column elementor-element elementor-element-4ce8607\" data-id=\"4ce8607\" data-element_type=\"column\">\n\t\t\t<div class=\"elementor-widget-wrap elementor-element-populated\">\n\t\t\t\t\t\t\t\t<div class=\"elementor-element elementor-element-6aab8cc elementor-widget elementor-widget-text-editor\" data-id=\"6aab8cc\" data-element_type=\"widget\" data-widget_type=\"text-editor.default\">\n\t\t\t\t<div class=\"elementor-widget-container\">\n\t\t\t<style>\/*! elementor - v3.18.0 - 08-12-2023 *\/\n.elementor-widget-text-editor.elementor-drop-cap-view-stacked .elementor-drop-cap{background-color:#69727d;color:#fff}.elementor-widget-text-editor.elementor-drop-cap-view-framed .elementor-drop-cap{color:#69727d;border:3px solid;background-color:transparent}.elementor-widget-text-editor:not(.elementor-drop-cap-view-default) .elementor-drop-cap{margin-top:8px}.elementor-widget-text-editor:not(.elementor-drop-cap-view-default) .elementor-drop-cap-letter{width:1em;height:1em}.elementor-widget-text-editor .elementor-drop-cap{float:left;text-align:center;line-height:1;font-size:50px}.elementor-widget-text-editor .elementor-drop-cap-letter{display:inline-block}<\/style>\t\t\t\t<h2 style=\"color: #fff;\">D\u00e9marche Artistique\n<\/h2>\n<p>Mon m\u00e9dium de pr\u00e9f\u00e9rence est principalement la peinture acrylique sur toile. Actuellement,\nmon int\u00e9r\u00eat artistique se concentre particuli\u00e8rement sur la cr\u00e9ation d&#8217;\u0153uvres stimul\u00e9es par\nl&#8217;\u00e9change culturel. Pour obtenir des r\u00e9sultats dynamiques et vivants, j&#8217;aime commencer chaque\n\u0153uvre sur place. Ma m\u00e9thode choisie consiste \u00e0 m&#8217;impr\u00e9gner de l&#8217;environnement, \u00e0 me\nconnecter avec le contexte, et \u00e0 m&#8217;engager avec le sujet<\/p>\n\n<p>La peinture demeure mon langage de pr\u00e9dilection, c&#8217;est comme \u00e7a que je me sens le plus \u00e0\nl&#8217;aise pour partager ma vision du monde. En tant qu&#8217;artiste, mon objectif constant est de me\nremettre en question, d&#8217;explorer et surtout de progresser. La recherche de nouveaux d\u00e9fis\nconstitue une part importante de mon d\u00e9veloppement artistique. Je suis perp\u00e9tuellement en\nqu\u00eate d&#8217;une perspective nouvelle et d&#8217;une source d&#8217;inspiration<\/p>\n\n<p>L&#8217;objectif continu est de cr\u00e9er des \u0153uvres qui \u00e9voquent in\u00e9vitablement un sentiment ou\ncapturent une atmosph\u00e8re particuli\u00e8re, un moment fig\u00e9 dans le temps. C&#8217;est de cette mani\u00e8re\nque je nourris ma cr\u00e9ativit\u00e9.<\/p>\t\t\t\t\t\t<\/div>\n\t\t\t\t<\/div>\n\t\t\t\t\t<\/div>\n\t\t<\/div>\n\t\t\t\t\t\t\t<\/div>\n\t\t<\/section>\n\t\t\t\t\t<\/div>\n\t\t<\/div>\n\t\t\t\t\t\t\t<\/div>\n\t\t<\/section>\n\t\t\t\t\t\t\t<\/div>\n\t\t","protected":false},"excerpt":{"rendered":"<p>D\u00e9marche Artistique Mon m\u00e9dium de pr\u00e9f\u00e9rence est principalement la peinture acrylique sur toile. Actuellement, mon int\u00e9r\u00eat artistique se concentre particuli\u00e8rement sur la cr\u00e9ation d&#8217;\u0153uvres stimul\u00e9es par<span class=\"excerpt-hellip\"> [\u2026]<\/span><\/p>\n","protected":false},"author":1,"featured_media":0,"parent":0,"menu_order":0,"comment_status":"closed","ping_status":"closed","template":"","meta":{"ngg_post_thumbnail":0,"footnotes":""},"_links":{"self":[{"href":"https:\/\/vanessahershornart.com\/fr\/wp-json\/wp\/v2\/pages\/383"}],"collection":[{"href":"https:\/\/vanessahershornart.com\/fr\/wp-json\/wp\/v2\/pages"}],"about":[{"href":"https:\/\/vanessahershornart.com\/fr\/wp-json\/wp\/v2\/types\/page"}],"author":[{"embeddable":true,"href":"https:\/\/vanessahershornart.com\/fr\/wp-json\/wp\/v2\/users\/1"}],"replies":[{"embeddable":true,"href":"https:\/\/vanessahershornart.com\/fr\/wp-json\/wp\/v2\/comments?post=383"}],"version-history":[{"count":17,"href":"https:\/\/vanessahershornart.com\/fr\/wp-json\/wp\/v2\/pages\/383\/revisions"}],"predecessor-version":[{"id":1453,"href":"https:\/\/vanessahershornart.com\/fr\/wp-json\/wp\/v2\/pages\/383\/revisions\/1453"}],"wp:attachment":[{"href":"https:\/\/vanessahershornart.com\/fr\/wp-json\/wp\/v2\/media?parent=383"}],"curies":[{"name":"wp","href":"https:\/\/api.w.org\/{rel}","templated":true}]}}