{"id":46,"date":"2021-11-02T09:11:52","date_gmt":"2021-11-02T09:11:52","guid":{"rendered":"https:\/\/vanessahershornart.com\/fr\/?page_id=46"},"modified":"2024-02-13T21:43:49","modified_gmt":"2024-02-13T21:43:49","slug":"home","status":"publish","type":"page","link":"https:\/\/vanessahershornart.com\/fr\/","title":{"rendered":"Home"},"content":{"rendered":"\t\t<div data-elementor-type=\"wp-page\" data-elementor-id=\"46\" class=\"elementor elementor-46\">\n\t\t\t\t\t\t\t\t\t<section class=\"elementor-section elementor-top-section elementor-element elementor-element-8935360 elementor-section-full_width elementor-section-stretched elementor-section-height-default elementor-section-height-default\" data-id=\"8935360\" data-element_type=\"section\" data-settings=\"{&quot;stretch_section&quot;:&quot;section-stretched&quot;}\">\n\t\t\t\t\t\t<div class=\"elementor-container elementor-column-gap-no\">\n\t\t\t\t\t<div class=\"elementor-column elementor-col-100 elementor-top-column elementor-element elementor-element-c7cb84e\" data-id=\"c7cb84e\" data-element_type=\"column\">\n\t\t\t<div class=\"elementor-widget-wrap elementor-element-populated\">\n\t\t\t\t\t\t\t\t<section class=\"elementor-section elementor-inner-section elementor-element elementor-element-82b924c elementor-section-full_width elementor-section-height-default elementor-section-height-default\" data-id=\"82b924c\" data-element_type=\"section\">\n\t\t\t\t\t\t<div class=\"elementor-container elementor-column-gap-default\">\n\t\t\t\t\t<div class=\"elementor-column elementor-col-100 elementor-inner-column elementor-element elementor-element-8ae4deb\" data-id=\"8ae4deb\" data-element_type=\"column\">\n\t\t\t<div class=\"elementor-widget-wrap elementor-element-populated\">\n\t\t\t\t\t\t\t\t<div class=\"elementor-element elementor-element-4fbef63 elementor-widget elementor-widget-text-editor\" data-id=\"4fbef63\" data-element_type=\"widget\" data-widget_type=\"text-editor.default\">\n\t\t\t\t<div class=\"elementor-widget-container\">\n\t\t\t<style>\/*! elementor - v3.18.0 - 08-12-2023 *\/\n.elementor-widget-text-editor.elementor-drop-cap-view-stacked .elementor-drop-cap{background-color:#69727d;color:#fff}.elementor-widget-text-editor.elementor-drop-cap-view-framed .elementor-drop-cap{color:#69727d;border:3px solid;background-color:transparent}.elementor-widget-text-editor:not(.elementor-drop-cap-view-default) .elementor-drop-cap{margin-top:8px}.elementor-widget-text-editor:not(.elementor-drop-cap-view-default) .elementor-drop-cap-letter{width:1em;height:1em}.elementor-widget-text-editor .elementor-drop-cap{float:left;text-align:center;line-height:1;font-size:50px}.elementor-widget-text-editor .elementor-drop-cap-letter{display:inline-block}<\/style>\t\t\t\t<h2 style=\"color: #000;\">\u00c0 propos de moi<\/h2>\n&#8220;J&#8217;exprime ma vision artistique \u00e0 travers mes tableaux, utilisant principalement la peinture acrylique sur toile. Mon processus cr\u00e9atif commence toujours par la vie elle-m\u00eame, et c&#8217;est mon inspiration qui est le c\u0153ur de mon travail. Je la trouve dans la beaut\u00e9 de la nature et les moments ordinaires de la vie quotidienne. Chaque \u0153uvre c\u00e9l\u00e8bre un moment \u00e9ph\u00e9m\u00e8re et explore un univers de couleurs pour mettre en lumi\u00e8re la richesse et la diversit\u00e9 qui nous entourent, chaque coup de pinceau servant de voyage visuel. Mon objectif est de capturer l&#8217;essence du moment, offrant ainsi un t\u00e9moignage et une appr\u00e9ciation du passage du temps.&#8221;\t\t\t\t\t\t<\/div>\n\t\t\t\t<\/div>\n\t\t\t\t<div class=\"elementor-element elementor-element-5621e5a elementor-widget elementor-widget-spacer\" data-id=\"5621e5a\" data-element_type=\"widget\" data-widget_type=\"spacer.default\">\n\t\t\t\t<div class=\"elementor-widget-container\">\n\t\t\t<style>\/*! elementor - v3.18.0 - 08-12-2023 *\/\n.elementor-column .elementor-spacer-inner{height:var(--spacer-size)}.e-con{--container-widget-width:100%}.e-con-inner>.elementor-widget-spacer,.e-con>.elementor-widget-spacer{width:var(--container-widget-width,var(--spacer-size));--align-self:var(--container-widget-align-self,initial);--flex-shrink:0}.e-con-inner>.elementor-widget-spacer>.elementor-widget-container,.e-con>.elementor-widget-spacer>.elementor-widget-container{height:100%;width:100%}.e-con-inner>.elementor-widget-spacer>.elementor-widget-container>.elementor-spacer,.e-con>.elementor-widget-spacer>.elementor-widget-container>.elementor-spacer{height:100%}.e-con-inner>.elementor-widget-spacer>.elementor-widget-container>.elementor-spacer>.elementor-spacer-inner,.e-con>.elementor-widget-spacer>.elementor-widget-container>.elementor-spacer>.elementor-spacer-inner{height:var(--container-widget-height,var(--spacer-size))}.e-con-inner>.elementor-widget-spacer.elementor-widget-empty,.e-con>.elementor-widget-spacer.elementor-widget-empty{position:relative;min-height:22px;min-width:22px}.e-con-inner>.elementor-widget-spacer.elementor-widget-empty .elementor-widget-empty-icon,.e-con>.elementor-widget-spacer.elementor-widget-empty .elementor-widget-empty-icon{position:absolute;top:0;bottom:0;left:0;right:0;margin:auto;padding:0;width:22px;height:22px}<\/style>\t\t<div class=\"elementor-spacer\">\n\t\t\t<div class=\"elementor-spacer-inner\"><\/div>\n\t\t<\/div>\n\t\t\t\t<\/div>\n\t\t\t\t<\/div>\n\t\t\t\t<div class=\"elementor-element elementor-element-36d3fc2 elementor-align-left elementor-mobile-align-center elementor-widget elementor-widget-button\" data-id=\"36d3fc2\" data-element_type=\"widget\" data-widget_type=\"button.default\">\n\t\t\t\t<div class=\"elementor-widget-container\">\n\t\t\t\t\t<div class=\"elementor-button-wrapper\">\n\t\t\t<a class=\"elementor-button elementor-button-link elementor-size-sm\" href=\"https:\/\/vanessahershornart.com\/fr\/biography\/\">\n\t\t\t\t\t\t<span class=\"elementor-button-content-wrapper\">\n\t\t\t\t\t\t<span class=\"elementor-button-icon elementor-align-icon-right\">\n\t\t\t\t<svg aria-hidden=\"true\" class=\"e-font-icon-svg e-fas-arrow-right\" viewBox=\"0 0 448 512\" xmlns=\"http:\/\/www.w3.org\/2000\/svg\"><path d=\"M190.5 66.9l22.2-22.2c9.4-9.4 24.6-9.4 33.9 0L441 239c9.4 9.4 9.4 24.6 0 33.9L246.6 467.3c-9.4 9.4-24.6 9.4-33.9 0l-22.2-22.2c-9.5-9.5-9.3-25 .4-34.3L311.4 296H24c-13.3 0-24-10.7-24-24v-32c0-13.3 10.7-24 24-24h287.4L190.9 101.2c-9.8-9.3-10-24.8-.4-34.3z\"><\/path><\/svg>\t\t\t<\/span>\n\t\t\t\t\t\t<span class=\"elementor-button-text\">En savoir plus<\/span>\n\t\t<\/span>\n\t\t\t\t\t<\/a>\n\t\t<\/div>\n\t\t\t\t<\/div>\n\t\t\t\t<\/div>\n\t\t\t\t\t<\/div>\n\t\t<\/div>\n\t\t\t\t\t\t\t<\/div>\n\t\t<\/section>\n\t\t\t\t\t<\/div>\n\t\t<\/div>\n\t\t\t\t\t\t\t<\/div>\n\t\t<\/section>\n\t\t\t\t<section class=\"elementor-section elementor-top-section elementor-element elementor-element-fabca0f elementor-section-stretched elementor-section-boxed elementor-section-height-default elementor-section-height-default\" data-id=\"fabca0f\" data-element_type=\"section\" data-settings=\"{&quot;stretch_section&quot;:&quot;section-stretched&quot;,&quot;background_background&quot;:&quot;classic&quot;}\">\n\t\t\t\t\t\t<div class=\"elementor-container elementor-column-gap-wider\">\n\t\t\t\t\t<div class=\"elementor-column elementor-col-100 elementor-top-column elementor-element elementor-element-39a37dd\" data-id=\"39a37dd\" data-element_type=\"column\">\n\t\t\t<div class=\"elementor-widget-wrap elementor-element-populated\">\n\t\t\t\t\t\t\t\t<section class=\"elementor-section elementor-inner-section elementor-element elementor-element-918aa11 elementor-section-boxed elementor-section-height-default elementor-section-height-default\" data-id=\"918aa11\" data-element_type=\"section\">\n\t\t\t\t\t\t<div class=\"elementor-container elementor-column-gap-default\">\n\t\t\t\t\t<div class=\"elementor-column elementor-col-100 elementor-inner-column elementor-element elementor-element-2582a3a\" data-id=\"2582a3a\" data-element_type=\"column\">\n\t\t\t<div class=\"elementor-widget-wrap elementor-element-populated\">\n\t\t\t\t\t\t\t\t<div class=\"elementor-element elementor-element-b82f97a elementor-widget elementor-widget-text-editor\" data-id=\"b82f97a\" data-element_type=\"widget\" data-widget_type=\"text-editor.default\">\n\t\t\t\t<div class=\"elementor-widget-container\">\n\t\t\t\t\t\t\t<h2 style=\"color: #d2d3d4;\">MON TRAVAIL\n<\/h2>\t\t\t\t\t\t<\/div>\n\t\t\t\t<\/div>\n\t\t\t\t\t<\/div>\n\t\t<\/div>\n\t\t\t\t\t\t\t<\/div>\n\t\t<\/section>\n\t\t\t\t<div class=\"elementor-element elementor-element-629f10d elementor-widget elementor-widget-spacer\" data-id=\"629f10d\" data-element_type=\"widget\" data-widget_type=\"spacer.default\">\n\t\t\t\t<div class=\"elementor-widget-container\">\n\t\t\t\t\t<div class=\"elementor-spacer\">\n\t\t\t<div class=\"elementor-spacer-inner\"><\/div>\n\t\t<\/div>\n\t\t\t\t<\/div>\n\t\t\t\t<\/div>\n\t\t\t\t<section class=\"elementor-section elementor-inner-section elementor-element elementor-element-2e10d07 elementor-section-boxed elementor-section-height-default elementor-section-height-default\" data-id=\"2e10d07\" data-element_type=\"section\">\n\t\t\t\t\t\t<div class=\"elementor-container elementor-column-gap-default\">\n\t\t\t\t\t<div class=\"elementor-column elementor-col-100 elementor-inner-column elementor-element elementor-element-2966ff2\" data-id=\"2966ff2\" data-element_type=\"column\" data-settings=\"{&quot;background_background&quot;:&quot;classic&quot;}\">\n\t\t\t<div class=\"elementor-widget-wrap elementor-element-populated\">\n\t\t\t\t\t\t\t\t<div class=\"elementor-element elementor-element-be5fe85 elementor-widget elementor-widget-html\" data-id=\"be5fe85\" data-element_type=\"widget\" data-widget_type=\"html.default\">\n\t\t\t\t<div class=\"elementor-widget-container\">\n\t\t\t\n<div class=\"ngg-galleryoverview caption-view \n\"\n\tid=\"ngg-gallery-904307e5b029b38830119e96320c4452-1\">\n\n\t<div class=\"ngg-caption-view-wrapper\">\n\t\t\t\t\t\t\t\t\t\t<div id=\"ngg-image-0\" class=\"ngg-gallery-thumbnail-box \n\t\t\t\t\t\t\t\t\t\t\t\t\t\t\t\" \n\t\t\t\t\t>\n\t\t\t\t\t\t\t\t\t\t\t\t\t<div class=\"ngg-gallery-thumbnail\">\n\t\t\t\t\t\t\t\t<a href=\"https:\/\/vanessahershornart.com\/fr\/wp-content\/gallery\/my-work-home\/Montreal-Orange-Julep-30_-x40_2016SOLD.JPG\"\n\t\t\t\t\t\t\t\t\ttitle=\"\"\n\t\t\t\t\t\t\t\t\tdata-src=\"https:\/\/vanessahershornart.com\/fr\/wp-content\/gallery\/my-work-home\/Montreal-Orange-Julep-30_-x40_2016SOLD.JPG\"\n\t\t\t\t\t\t\t\t\tdata-thumbnail=\"https:\/\/vanessahershornart.com\/fr\/wp-content\/gallery\/my-work-home\/thumbs\/thumbs-Montreal-Orange-Julep-30_-x40_2016SOLD.JPG\"\n\t\t\t\t\t\t\t\t\tdata-image-id=\"572\"\n\t\t\t\t\t\t\t\t\tdata-title=\"Montreal-Orange-Julep-30_-x40_2016SOLD\"\n\t\t\t\t\t\t\t\t\tdata-description=\"\"\n\t\t\t\t\t\t\t\t\tdata-image-slug=\"montreal-orange-julep-30_-x40_2016sold-1\"\n\t\t\t\t\t\t\t\t\tclass=\"ngg-fancybox\" rel=\"904307e5b029b38830119e96320c4452\">\n\t\t\t\t\t\t\t\t\t<img title=\"Montreal-Orange-Julep-30_-x40_2016SOLD\"\n\t\t\t\t\t\t\t\t\t\talt=\"Montreal-Orange-Julep-30_-x40_2016SOLD\"\n\t\t\t\t\t\t\t\t\t\tsrc=\"https:\/\/vanessahershornart.com\/fr\/wp-content\/gallery\/my-work-home\/thumbs\/thumbs-Montreal-Orange-Julep-30_-x40_2016SOLD.JPG\"\n\t\t\t\t\t\t\t\t\t\twidth=\"240\"\n\t\t\t\t\t\t\t\t\t\theight=\"160\"\n\t\t\t\t\t\t\t\t\t\tstyle=\"max-width:100%;\"\/>\n\t\t\t\t\t\t\t\t<\/a>\n\t\t\t\t\t\t\t\t\t\t\t\t\t\t\t\t\t<span style=\"max-width: 240px\">\n\t\t\t\t\t\t\t\t\t\t\t\t\t\t\t\t\t\t\t<\/span>\n\t\t\t\t\t\t\t\t\t\t\t\t\t\t\t<\/div>\n\t\t\t\t\t\t\t\t\t\t\t<\/div>\n\t\t\t\t\t\t\t\t\t\t\t\t<div id=\"ngg-image-1\" class=\"ngg-gallery-thumbnail-box \n\t\t\t\t\t\t\t\t\t\t\t\t\t\t\t\" \n\t\t\t\t\t>\n\t\t\t\t\t\t\t\t\t\t\t\t\t<div class=\"ngg-gallery-thumbnail\">\n\t\t\t\t\t\t\t\t<a href=\"https:\/\/vanessahershornart.com\/fr\/wp-content\/gallery\/my-work-home\/Bonsecours-basin-old-Montreal-16_x40_diptych2022.jpeg\"\n\t\t\t\t\t\t\t\t\ttitle=\"\"\n\t\t\t\t\t\t\t\t\tdata-src=\"https:\/\/vanessahershornart.com\/fr\/wp-content\/gallery\/my-work-home\/Bonsecours-basin-old-Montreal-16_x40_diptych2022.jpeg\"\n\t\t\t\t\t\t\t\t\tdata-thumbnail=\"https:\/\/vanessahershornart.com\/fr\/wp-content\/gallery\/my-work-home\/thumbs\/thumbs-Bonsecours-basin-old-Montreal-16_x40_diptych2022.jpeg\"\n\t\t\t\t\t\t\t\t\tdata-image-id=\"573\"\n\t\t\t\t\t\t\t\t\tdata-title=\"Bonsecours-basin-old-Montreal-16_x40_diptych2022\"\n\t\t\t\t\t\t\t\t\tdata-description=\"\"\n\t\t\t\t\t\t\t\t\tdata-image-slug=\"bonsecours-basin-old-montreal-16_x40_diptych2022-1\"\n\t\t\t\t\t\t\t\t\tclass=\"ngg-fancybox\" rel=\"904307e5b029b38830119e96320c4452\">\n\t\t\t\t\t\t\t\t\t<img title=\"Bonsecours-basin-old-Montreal-16_x40_diptych2022\"\n\t\t\t\t\t\t\t\t\t\talt=\"Bonsecours-basin-old-Montreal-16_x40_diptych2022\"\n\t\t\t\t\t\t\t\t\t\tsrc=\"https:\/\/vanessahershornart.com\/fr\/wp-content\/gallery\/my-work-home\/thumbs\/thumbs-Bonsecours-basin-old-Montreal-16_x40_diptych2022.jpeg\"\n\t\t\t\t\t\t\t\t\t\twidth=\"240\"\n\t\t\t\t\t\t\t\t\t\theight=\"160\"\n\t\t\t\t\t\t\t\t\t\tstyle=\"max-width:100%;\"\/>\n\t\t\t\t\t\t\t\t<\/a>\n\t\t\t\t\t\t\t\t\t\t\t\t\t\t\t\t\t<span style=\"max-width: 240px\">\n\t\t\t\t\t\t\t\t\t\t\t\t\t\t\t\t\t\t\t<\/span>\n\t\t\t\t\t\t\t\t\t\t\t\t\t\t\t<\/div>\n\t\t\t\t\t\t\t\t\t\t\t<\/div>\n\t\t\t\t\t\t\t\t\t\t\t\t<div id=\"ngg-image-2\" class=\"ngg-gallery-thumbnail-box \n\t\t\t\t\t\t\t\t\t\t\t\t\t\t\t\" \n\t\t\t\t\t>\n\t\t\t\t\t\t\t\t\t\t\t\t\t<div class=\"ngg-gallery-thumbnail\">\n\t\t\t\t\t\t\t\t<a href=\"https:\/\/vanessahershornart.com\/fr\/wp-content\/gallery\/my-work-home\/Atwater-24_x36_.2006SOLD.jpg\"\n\t\t\t\t\t\t\t\t\ttitle=\"\"\n\t\t\t\t\t\t\t\t\tdata-src=\"https:\/\/vanessahershornart.com\/fr\/wp-content\/gallery\/my-work-home\/Atwater-24_x36_.2006SOLD.jpg\"\n\t\t\t\t\t\t\t\t\tdata-thumbnail=\"https:\/\/vanessahershornart.com\/fr\/wp-content\/gallery\/my-work-home\/thumbs\/thumbs-Atwater-24_x36_.2006SOLD.jpg\"\n\t\t\t\t\t\t\t\t\tdata-image-id=\"574\"\n\t\t\t\t\t\t\t\t\tdata-title=\"Atwater-24_x36_.2006SOLD\"\n\t\t\t\t\t\t\t\t\tdata-description=\"\"\n\t\t\t\t\t\t\t\t\tdata-image-slug=\"atwater-24_x36_-2006sold-1\"\n\t\t\t\t\t\t\t\t\tclass=\"ngg-fancybox\" rel=\"904307e5b029b38830119e96320c4452\">\n\t\t\t\t\t\t\t\t\t<img title=\"Atwater-24_x36_.2006SOLD\"\n\t\t\t\t\t\t\t\t\t\talt=\"Atwater-24_x36_.2006SOLD\"\n\t\t\t\t\t\t\t\t\t\tsrc=\"https:\/\/vanessahershornart.com\/fr\/wp-content\/gallery\/my-work-home\/thumbs\/thumbs-Atwater-24_x36_.2006SOLD.jpg\"\n\t\t\t\t\t\t\t\t\t\twidth=\"240\"\n\t\t\t\t\t\t\t\t\t\theight=\"160\"\n\t\t\t\t\t\t\t\t\t\tstyle=\"max-width:100%;\"\/>\n\t\t\t\t\t\t\t\t<\/a>\n\t\t\t\t\t\t\t\t\t\t\t\t\t\t\t\t\t<span style=\"max-width: 240px\">\n\t\t\t\t\t\t\t\t\t\t\t\t\t\t\t\t\t\t\t<\/span>\n\t\t\t\t\t\t\t\t\t\t\t\t\t\t\t<\/div>\n\t\t\t\t\t\t\t\t\t\t\t<\/div>\n\t\t\t\t\t\t\t\t\t\t\t\t<div id=\"ngg-image-3\" class=\"ngg-gallery-thumbnail-box \n\t\t\t\t\t\t\t\t\t\t\t\t\t\t\t\" \n\t\t\t\t\t>\n\t\t\t\t\t\t\t\t\t\t\t\t\t<div class=\"ngg-gallery-thumbnail\">\n\t\t\t\t\t\t\t\t<a href=\"https:\/\/vanessahershornart.com\/fr\/wp-content\/gallery\/my-work-home\/Pozzuoli20_x24_2023-.jpg\"\n\t\t\t\t\t\t\t\t\ttitle=\"\"\n\t\t\t\t\t\t\t\t\tdata-src=\"https:\/\/vanessahershornart.com\/fr\/wp-content\/gallery\/my-work-home\/Pozzuoli20_x24_2023-.jpg\"\n\t\t\t\t\t\t\t\t\tdata-thumbnail=\"https:\/\/vanessahershornart.com\/fr\/wp-content\/gallery\/my-work-home\/thumbs\/thumbs-Pozzuoli20_x24_2023-.jpg\"\n\t\t\t\t\t\t\t\t\tdata-image-id=\"575\"\n\t\t\t\t\t\t\t\t\tdata-title=\"Pozzuoli20_x24_2023-\"\n\t\t\t\t\t\t\t\t\tdata-description=\"\"\n\t\t\t\t\t\t\t\t\tdata-image-slug=\"pozzuoli20_x24_2023-1\"\n\t\t\t\t\t\t\t\t\tclass=\"ngg-fancybox\" rel=\"904307e5b029b38830119e96320c4452\">\n\t\t\t\t\t\t\t\t\t<img title=\"Pozzuoli20_x24_2023-\"\n\t\t\t\t\t\t\t\t\t\talt=\"Pozzuoli20_x24_2023-\"\n\t\t\t\t\t\t\t\t\t\tsrc=\"https:\/\/vanessahershornart.com\/fr\/wp-content\/gallery\/my-work-home\/thumbs\/thumbs-Pozzuoli20_x24_2023-.jpg\"\n\t\t\t\t\t\t\t\t\t\twidth=\"240\"\n\t\t\t\t\t\t\t\t\t\theight=\"160\"\n\t\t\t\t\t\t\t\t\t\tstyle=\"max-width:100%;\"\/>\n\t\t\t\t\t\t\t\t<\/a>\n\t\t\t\t\t\t\t\t\t\t\t\t\t\t\t\t\t<span style=\"max-width: 240px\">\n\t\t\t\t\t\t\t\t\t\t\t\t\t\t\t\t\t\t\t<\/span>\n\t\t\t\t\t\t\t\t\t\t\t\t\t\t\t<\/div>\n\t\t\t\t\t\t\t\t\t\t\t<\/div>\n\t\t\t\t\t\t\t\t\t\t\t\t<div id=\"ngg-image-4\" class=\"ngg-gallery-thumbnail-box \n\t\t\t\t\t\t\t\t\t\t\t\t\t\t\t\" \n\t\t\t\t\t>\n\t\t\t\t\t\t\t\t\t\t\t\t\t<div class=\"ngg-gallery-thumbnail\">\n\t\t\t\t\t\t\t\t<a href=\"https:\/\/vanessahershornart.com\/fr\/wp-content\/gallery\/my-work-home\/Casamicciola-TermeIschia20_x24_2023-.jpg\"\n\t\t\t\t\t\t\t\t\ttitle=\"\"\n\t\t\t\t\t\t\t\t\tdata-src=\"https:\/\/vanessahershornart.com\/fr\/wp-content\/gallery\/my-work-home\/Casamicciola-TermeIschia20_x24_2023-.jpg\"\n\t\t\t\t\t\t\t\t\tdata-thumbnail=\"https:\/\/vanessahershornart.com\/fr\/wp-content\/gallery\/my-work-home\/thumbs\/thumbs-Casamicciola-TermeIschia20_x24_2023-.jpg\"\n\t\t\t\t\t\t\t\t\tdata-image-id=\"576\"\n\t\t\t\t\t\t\t\t\tdata-title=\"Casamicciola-TermeIschia20_x24_2023-\"\n\t\t\t\t\t\t\t\t\tdata-description=\"\"\n\t\t\t\t\t\t\t\t\tdata-image-slug=\"casamicciola-termeischia20_x24_2023-1\"\n\t\t\t\t\t\t\t\t\tclass=\"ngg-fancybox\" rel=\"904307e5b029b38830119e96320c4452\">\n\t\t\t\t\t\t\t\t\t<img title=\"Casamicciola-TermeIschia20_x24_2023-\"\n\t\t\t\t\t\t\t\t\t\talt=\"Casamicciola-TermeIschia20_x24_2023-\"\n\t\t\t\t\t\t\t\t\t\tsrc=\"https:\/\/vanessahershornart.com\/fr\/wp-content\/gallery\/my-work-home\/thumbs\/thumbs-Casamicciola-TermeIschia20_x24_2023-.jpg\"\n\t\t\t\t\t\t\t\t\t\twidth=\"240\"\n\t\t\t\t\t\t\t\t\t\theight=\"160\"\n\t\t\t\t\t\t\t\t\t\tstyle=\"max-width:100%;\"\/>\n\t\t\t\t\t\t\t\t<\/a>\n\t\t\t\t\t\t\t\t\t\t\t\t\t\t\t\t\t<span style=\"max-width: 240px\">\n\t\t\t\t\t\t\t\t\t\t\t\t\t\t\t\t\t\t\t<\/span>\n\t\t\t\t\t\t\t\t\t\t\t\t\t\t\t<\/div>\n\t\t\t\t\t\t\t\t\t\t\t<\/div>\n\t\t\t\t\t\t\t\t\t\t\t\t<div id=\"ngg-image-5\" class=\"ngg-gallery-thumbnail-box \n\t\t\t\t\t\t\t\t\t\t\t\t\t\t\t\" \n\t\t\t\t\t>\n\t\t\t\t\t\t\t\t\t\t\t\t\t<div class=\"ngg-gallery-thumbnail\">\n\t\t\t\t\t\t\t\t<a href=\"https:\/\/vanessahershornart.com\/fr\/wp-content\/gallery\/my-work-home\/Cahuita-brease-38_x30_1995SOLD.jpg\"\n\t\t\t\t\t\t\t\t\ttitle=\"\"\n\t\t\t\t\t\t\t\t\tdata-src=\"https:\/\/vanessahershornart.com\/fr\/wp-content\/gallery\/my-work-home\/Cahuita-brease-38_x30_1995SOLD.jpg\"\n\t\t\t\t\t\t\t\t\tdata-thumbnail=\"https:\/\/vanessahershornart.com\/fr\/wp-content\/gallery\/my-work-home\/thumbs\/thumbs-Cahuita-brease-38_x30_1995SOLD.jpg\"\n\t\t\t\t\t\t\t\t\tdata-image-id=\"577\"\n\t\t\t\t\t\t\t\t\tdata-title=\"Cahuita-brease-38_x30_1995SOLD\"\n\t\t\t\t\t\t\t\t\tdata-description=\"\"\n\t\t\t\t\t\t\t\t\tdata-image-slug=\"cahuita-brease-38_x30_1995sold\"\n\t\t\t\t\t\t\t\t\tclass=\"ngg-fancybox\" rel=\"904307e5b029b38830119e96320c4452\">\n\t\t\t\t\t\t\t\t\t<img title=\"Cahuita-brease-38_x30_1995SOLD\"\n\t\t\t\t\t\t\t\t\t\talt=\"Cahuita-brease-38_x30_1995SOLD\"\n\t\t\t\t\t\t\t\t\t\tsrc=\"https:\/\/vanessahershornart.com\/fr\/wp-content\/gallery\/my-work-home\/thumbs\/thumbs-Cahuita-brease-38_x30_1995SOLD.jpg\"\n\t\t\t\t\t\t\t\t\t\twidth=\"240\"\n\t\t\t\t\t\t\t\t\t\theight=\"160\"\n\t\t\t\t\t\t\t\t\t\tstyle=\"max-width:100%;\"\/>\n\t\t\t\t\t\t\t\t<\/a>\n\t\t\t\t\t\t\t\t\t\t\t\t\t\t\t\t\t<span style=\"max-width: 240px\">\n\t\t\t\t\t\t\t\t\t\t\t\t\t\t\t\t\t\t\t<\/span>\n\t\t\t\t\t\t\t\t\t\t\t\t\t\t\t<\/div>\n\t\t\t\t\t\t\t\t\t\t\t<\/div>\n\t\t\t\t\t\t\t\t\t\t\t\t<div id=\"ngg-image-6\" class=\"ngg-gallery-thumbnail-box \n\t\t\t\t\t\t\t\t\t\t\t\t\t\t\t\" \n\t\t\t\t\t>\n\t\t\t\t\t\t\t\t\t\t\t\t\t<div class=\"ngg-gallery-thumbnail\">\n\t\t\t\t\t\t\t\t<a href=\"https:\/\/vanessahershornart.com\/fr\/wp-content\/gallery\/my-work-home\/St-Viateur-bagel-18_x24_-2018SOLD.jpg\"\n\t\t\t\t\t\t\t\t\ttitle=\"\"\n\t\t\t\t\t\t\t\t\tdata-src=\"https:\/\/vanessahershornart.com\/fr\/wp-content\/gallery\/my-work-home\/St-Viateur-bagel-18_x24_-2018SOLD.jpg\"\n\t\t\t\t\t\t\t\t\tdata-thumbnail=\"https:\/\/vanessahershornart.com\/fr\/wp-content\/gallery\/my-work-home\/thumbs\/thumbs-St-Viateur-bagel-18_x24_-2018SOLD.jpg\"\n\t\t\t\t\t\t\t\t\tdata-image-id=\"578\"\n\t\t\t\t\t\t\t\t\tdata-title=\"St-Viateur-bagel-18_x24_-2018SOLD\"\n\t\t\t\t\t\t\t\t\tdata-description=\"\"\n\t\t\t\t\t\t\t\t\tdata-image-slug=\"st-viateur-bagel-18_x24_-2018sold-1\"\n\t\t\t\t\t\t\t\t\tclass=\"ngg-fancybox\" rel=\"904307e5b029b38830119e96320c4452\">\n\t\t\t\t\t\t\t\t\t<img title=\"St-Viateur-bagel-18_x24_-2018SOLD\"\n\t\t\t\t\t\t\t\t\t\talt=\"St-Viateur-bagel-18_x24_-2018SOLD\"\n\t\t\t\t\t\t\t\t\t\tsrc=\"https:\/\/vanessahershornart.com\/fr\/wp-content\/gallery\/my-work-home\/thumbs\/thumbs-St-Viateur-bagel-18_x24_-2018SOLD.jpg\"\n\t\t\t\t\t\t\t\t\t\twidth=\"240\"\n\t\t\t\t\t\t\t\t\t\theight=\"160\"\n\t\t\t\t\t\t\t\t\t\tstyle=\"max-width:100%;\"\/>\n\t\t\t\t\t\t\t\t<\/a>\n\t\t\t\t\t\t\t\t\t\t\t\t\t\t\t\t\t<span style=\"max-width: 240px\">\n\t\t\t\t\t\t\t\t\t\t\t\t\t\t\t\t\t\t\t<\/span>\n\t\t\t\t\t\t\t\t\t\t\t\t\t\t\t<\/div>\n\t\t\t\t\t\t\t\t\t\t\t<\/div>\n\t\t\t\t\t\t\t\t\t\t\t\t<div id=\"ngg-image-7\" class=\"ngg-gallery-thumbnail-box \n\t\t\t\t\t\t\t\t\t\t\t\t\t\t\t\" \n\t\t\t\t\t>\n\t\t\t\t\t\t\t\t\t\t\t\t\t<div class=\"ngg-gallery-thumbnail\">\n\t\t\t\t\t\t\t\t<a href=\"https:\/\/vanessahershornart.com\/fr\/wp-content\/gallery\/my-work-home\/Tour-potier-22_x30-_2022SOLD.jpg\"\n\t\t\t\t\t\t\t\t\ttitle=\"\"\n\t\t\t\t\t\t\t\t\tdata-src=\"https:\/\/vanessahershornart.com\/fr\/wp-content\/gallery\/my-work-home\/Tour-potier-22_x30-_2022SOLD.jpg\"\n\t\t\t\t\t\t\t\t\tdata-thumbnail=\"https:\/\/vanessahershornart.com\/fr\/wp-content\/gallery\/my-work-home\/thumbs\/thumbs-Tour-potier-22_x30-_2022SOLD.jpg\"\n\t\t\t\t\t\t\t\t\tdata-image-id=\"579\"\n\t\t\t\t\t\t\t\t\tdata-title=\"Tour-potier-22_x30-_2022SOLD\"\n\t\t\t\t\t\t\t\t\tdata-description=\"\"\n\t\t\t\t\t\t\t\t\tdata-image-slug=\"tour-potier-22_x30-_2022sold-2\"\n\t\t\t\t\t\t\t\t\tclass=\"ngg-fancybox\" rel=\"904307e5b029b38830119e96320c4452\">\n\t\t\t\t\t\t\t\t\t<img title=\"Tour-potier-22_x30-_2022SOLD\"\n\t\t\t\t\t\t\t\t\t\talt=\"Tour-potier-22_x30-_2022SOLD\"\n\t\t\t\t\t\t\t\t\t\tsrc=\"https:\/\/vanessahershornart.com\/fr\/wp-content\/gallery\/my-work-home\/thumbs\/thumbs-Tour-potier-22_x30-_2022SOLD.jpg\"\n\t\t\t\t\t\t\t\t\t\twidth=\"240\"\n\t\t\t\t\t\t\t\t\t\theight=\"160\"\n\t\t\t\t\t\t\t\t\t\tstyle=\"max-width:100%;\"\/>\n\t\t\t\t\t\t\t\t<\/a>\n\t\t\t\t\t\t\t\t\t\t\t\t\t\t\t\t\t<span style=\"max-width: 240px\">\n\t\t\t\t\t\t\t\t\t\t\t\t\t\t\t\t\t\t\t<\/span>\n\t\t\t\t\t\t\t\t\t\t\t\t\t\t\t<\/div>\n\t\t\t\t\t\t\t\t\t\t\t<\/div>\n\t\t\t\t\t\t\t\t\t\t<\/div>\n\n\t\n\t\t\t<div class='ngg-clear'><\/div>\t<\/div>\n\n\t\t<\/div>\n\t\t\t\t<\/div>\n\t\t\t\t\t<\/div>\n\t\t<\/div>\n\t\t\t\t\t\t\t<\/div>\n\t\t<\/section>\n\t\t\t\t<div class=\"elementor-element elementor-element-d054e7c elementor-hidden-mobile elementor-widget elementor-widget-spacer\" data-id=\"d054e7c\" data-element_type=\"widget\" data-widget_type=\"spacer.default\">\n\t\t\t\t<div class=\"elementor-widget-container\">\n\t\t\t\t\t<div class=\"elementor-spacer\">\n\t\t\t<div class=\"elementor-spacer-inner\"><\/div>\n\t\t<\/div>\n\t\t\t\t<\/div>\n\t\t\t\t<\/div>\n\t\t\t\t\t<\/div>\n\t\t<\/div>\n\t\t\t\t\t\t\t<\/div>\n\t\t<\/section>\n\t\t\t\t\t\t\t<\/div>\n\t\t","protected":false},"excerpt":{"rendered":"<p>\u00c0 propos de moi &#8220;J&#8217;exprime ma vision artistique \u00e0 travers mes tableaux, utilisant principalement la peinture acrylique sur toile. Mon processus cr\u00e9atif commence toujours par la<span class=\"excerpt-hellip\"> [\u2026]<\/span><\/p>\n","protected":false},"author":1,"featured_media":0,"parent":0,"menu_order":0,"comment_status":"open","ping_status":"closed","template":"","meta":{"ngg_post_thumbnail":0,"footnotes":""},"_links":{"self":[{"href":"https:\/\/vanessahershornart.com\/fr\/wp-json\/wp\/v2\/pages\/46"}],"collection":[{"href":"https:\/\/vanessahershornart.com\/fr\/wp-json\/wp\/v2\/pages"}],"about":[{"href":"https:\/\/vanessahershornart.com\/fr\/wp-json\/wp\/v2\/types\/page"}],"author":[{"embeddable":true,"href":"https:\/\/vanessahershornart.com\/fr\/wp-json\/wp\/v2\/users\/1"}],"replies":[{"embeddable":true,"href":"https:\/\/vanessahershornart.com\/fr\/wp-json\/wp\/v2\/comments?post=46"}],"version-history":[{"count":78,"href":"https:\/\/vanessahershornart.com\/fr\/wp-json\/wp\/v2\/pages\/46\/revisions"}],"predecessor-version":[{"id":1497,"href":"https:\/\/vanessahershornart.com\/fr\/wp-json\/wp\/v2\/pages\/46\/revisions\/1497"}],"wp:attachment":[{"href":"https:\/\/vanessahershornart.com\/fr\/wp-json\/wp\/v2\/media?parent=46"}],"curies":[{"name":"wp","href":"https:\/\/api.w.org\/{rel}","templated":true}]}}